{"id":3,"date":"2024-09-25T09:22:39","date_gmt":"2024-09-25T09:22:39","guid":{"rendered":"https:\/\/allaboutquarks.de\/?page_id=3"},"modified":"2025-06-25T13:59:02","modified_gmt":"2025-06-25T13:59:02","slug":"imprint","status":"publish","type":"page","link":"https:\/\/allaboutquarks.de\/de\/imprint\/","title":{"rendered":"Impressum"},"content":{"rendered":"<div data-elementor-type=\"wp-page\" data-elementor-id=\"3\" class=\"elementor elementor-3\" data-elementor-post-type=\"page\">\n\t\t\t\t<div class=\"elementor-element elementor-element-29f1f948 e-flex e-con-boxed e-con e-parent\" data-id=\"29f1f948\" data-element_type=\"container\" data-e-type=\"container\">\n\t\t\t\t\t<div class=\"e-con-inner\">\n\t\t\t\t<div class=\"elementor-element elementor-element-2991e6a4 elementor-widget elementor-widget-text-editor\" data-id=\"2991e6a4\" data-element_type=\"widget\" data-e-type=\"widget\" data-widget_type=\"text-editor.default\">\n\t\t\t\t<div class=\"elementor-widget-container\">\n\t\t\t\t\t\t\t\t\t\n<h2 class=\"entry-title wp-block-heading\">Impressum<\/h2>\n<p>\u00a0<\/p>\n<p class=\"translation-block\"><strong>Es gilt das <a href=\"https:\/\/tu-dresden.de\/impressum\/document_view?set_language=de\" target=\"_self\">Impressum der TU Dresden<\/a> mit folgenden \u00c4nderungen:<\/strong><\/p>\n\n<h3 class=\"wp-block-heading\">Verantwortlichkeiten<\/h3>\n\n<p>Wenn Sie inhaltliche Fragen haben, wenden Sie sich bitte an:<\/p>\n\n<h4>Technische Universit\u00e4t Dresden<\/h4>\n<p>Deutsche Telekom Professur f\u00fcr Kommunikationsnetze<br \/>Prof. Dr.-Ing. Dr. h.c. H. P. Frank Fitzek<br \/>01062 Dresden<\/p>\n<p>Tel.: +49 351 463 33942<br \/>Mail: allaboutquarks@tu-dresden.de<\/p>\n<p>\u00a0<\/p>\n\n<p class=\"translation-block\"><strong>Es gilt das <a href=\"https:\/\/tu-dresden.de\/impressum\" target=\"_self\">Impressum der TU Dresden<\/a> mit den nachfolgenden \u00c4nderungen:<\/strong><\/p>\n\n<h3 class=\"wp-block-heading\">Datenschutzerkl\u00e4rung<\/h3>\n\n<p class=\"translation-block\">Die TU Dresden verarbeitet personenbezogene Daten f\u00fcr die Nutzung der \u00f6ffentlichen Website <a href=\"https:\/\/allaboutquarks.de\/de\/\" target=\"_self\">https:\/\/allaboutquarks.de<\/a>. Bei diesen personenbezogenen Daten handelt es sich ausschlie\u00dflich um Cookies, die ausschlie\u00dflich f\u00fcr die Bereitstellung dieses Dienstes verwendet werden. Das bedeutet insbesondere, dass diese Website keine Tracking-Cookies verwendet, um Bewegungen und Verhalten der Nutzer auf unserer Website aufzuzeichnen oder zu analysieren.<\/p>\n\n<h3 class=\"wp-block-heading\">\u00a0<\/h3>\n<h3 class=\"wp-block-heading\">Rechtsgrundlage<\/h3>\n\n<p>Die Rechtsgrundlage hierf\u00fcr ist Art. 6 Abs. 1 Bst. f GDPR.<\/p>\n<p>\u00a0<\/p>\n<h4><\/h4>\n<h3 class=\"wp-block-heading\">Rechte der betroffenen Personen<\/h3>\n\n<p>Sie haben das Recht, von der TU Dresden Auskunft \u00fcber die Sie betreffenden verarbeiteten Daten zu erhalten und\/oder die Berichtigung unrichtiger Daten zu verlangen.<\/p>\n<p>Sie haben das Recht auf L\u00f6schung und Einschr\u00e4nkung der Verarbeitung sowie das Recht auf Widerspruch gegen die Verarbeitung.<\/p>\n<p>Sie k\u00f6nnen sich jederzeit an den Datenschutzbeauftragten der TU Dresden wenden:<\/p>\n<h4>\u00a0<\/h4>\n<h4>Dresden University of Technology<\/h4>\n<p>Datenschutzbeauftragter<br \/>01062 Dresden<\/p>\n\n<p>Tel.: +49 351 463 32839<br \/>Fax : +49 351 463 39718<br \/>Mail: <a href=\"mailto:informationssicherheit@tu-dresden.de\"><span style=\"text-decoration: underline;\">informationssicherheit@tu-dresden.de<\/span><\/a><br \/>Web: <a href=\"https:\/\/tu-dresden.de\/informationssicherheit\"><span style=\"text-decoration: underline;\">https:\/\/tu-dresden.de\/informationssicherheit<\/span><\/a><\/p>\n\n<p>\u00a0<\/p>\n<p>Sie haben auch das Recht, sich an die Aufsichtsbeh\u00f6rde zu wenden, wenn Sie der Meinung sind, dass die Verarbeitung der Sie betreffenden Daten nicht gesetzeskonform ist. Die Aufsichtsbeh\u00f6rde f\u00fcr den Datenschutz ist:<\/p>\n\n<h4>\u00a0<\/h4>\n<h4>S\u00e4chsische Datenschutzbeauftragte<\/h4>\n<p>Dr. Juliane Hundert<br \/>Devrientstra\u00dfe 5<br \/>01067 Dresden<\/p>\n\n<p>Email: <a href=\"mailto:post@sdtb.sachsen.de\"><span style=\"text-decoration: underline;\">post@sdtb.sachsen.de<\/span><\/a><br \/>Tel.: + 49 351 85471 101<br \/>Web: <span style=\"text-decoration: underline;\"><a href=\"http:\/\/www.datenschutz.sachsen.de\">www.datenschutz.sachsen.de<\/a><\/span><\/p>\n\t\t\t\t\t\t\t\t<\/div>\n\t\t\t\t<\/div>\n\t\t\t\t\t<\/div>\n\t\t\t\t<\/div>\n\t\t\t\t<\/div>","protected":false},"excerpt":{"rendered":"<p>Imprint \u00a0 It applies the Imprint of the TU Dresden with the following changes: Responsibilities If you have any questions regarding content, please contact: TU Dresden University of Technology Deutsche [&hellip;]<\/p>\n","protected":false},"author":1,"featured_media":0,"parent":0,"menu_order":0,"comment_status":"closed","ping_status":"closed","template":"","meta":{"inline_featured_image":false,"footnotes":""},"class_list":["post-3","page","type-page","status-publish","hentry"],"yoast_head":"<!-- This site is optimized with the Yoast SEO plugin v27.2 - https:\/\/yoast.com\/product\/yoast-seo-wordpress\/ -->\n<title>Imprint - QUARKS<\/title>\n<meta name=\"robots\" content=\"index, follow, max-snippet:-1, max-image-preview:large, max-video-preview:-1\" \/>\n<link rel=\"canonical\" href=\"https:\/\/allaboutquarks.de\/de\/imprint\/\" \/>\n<meta property=\"og:locale\" content=\"de_DE\" \/>\n<meta property=\"og:type\" content=\"article\" \/>\n<meta property=\"og:title\" content=\"Imprint - QUARKS\" \/>\n<meta property=\"og:description\" content=\"Imprint \u00a0 It applies the Imprint of the TU Dresden with the following changes: Responsibilities If you have any questions regarding content, please contact: TU Dresden University of Technology Deutsche [&hellip;]\" \/>\n<meta property=\"og:url\" content=\"https:\/\/allaboutquarks.de\/de\/imprint\/\" \/>\n<meta property=\"og:site_name\" content=\"QUARKS\" \/>\n<meta property=\"article:modified_time\" content=\"2025-06-25T13:59:02+00:00\" \/>\n<meta name=\"twitter:card\" content=\"summary_large_image\" \/>\n<meta name=\"twitter:site\" content=\"@allaboutquarks\" \/>\n<meta name=\"twitter:label1\" content=\"Gesch\u00e4tzte Lesezeit\" \/>\n\t<meta name=\"twitter:data1\" content=\"1\u00a0Minute\" \/>\n<script type=\"application\/ld+json\" class=\"yoast-schema-graph\">{\"@context\":\"https:\/\/schema.org\",\"@graph\":[{\"@type\":\"WebPage\",\"@id\":\"https:\/\/allaboutquarks.de\/imprint\/\",\"url\":\"https:\/\/allaboutquarks.de\/imprint\/\",\"name\":\"Imprint - QUARKS\",\"isPartOf\":{\"@id\":\"https:\/\/allaboutquarks.de\/#website\"},\"datePublished\":\"2024-09-25T09:22:39+00:00\",\"dateModified\":\"2025-06-25T13:59:02+00:00\",\"breadcrumb\":{\"@id\":\"https:\/\/allaboutquarks.de\/imprint\/#breadcrumb\"},\"inLanguage\":\"de\",\"potentialAction\":[{\"@type\":\"ReadAction\",\"target\":[\"https:\/\/allaboutquarks.de\/imprint\/\"]}]},{\"@type\":\"BreadcrumbList\",\"@id\":\"https:\/\/allaboutquarks.de\/imprint\/#breadcrumb\",\"itemListElement\":[{\"@type\":\"ListItem\",\"position\":1,\"name\":\"Home\",\"item\":\"https:\/\/allaboutquarks.de\/\"},{\"@type\":\"ListItem\",\"position\":2,\"name\":\"Imprint\"}]},{\"@type\":\"WebSite\",\"@id\":\"https:\/\/allaboutquarks.de\/#website\",\"url\":\"https:\/\/allaboutquarks.de\/\",\"name\":\"All about QUARKS\",\"description\":\"QRK\",\"publisher\":{\"@id\":\"https:\/\/allaboutquarks.de\/#organization\"},\"potentialAction\":[{\"@type\":\"SearchAction\",\"target\":{\"@type\":\"EntryPoint\",\"urlTemplate\":\"https:\/\/allaboutquarks.de\/?s={search_term_string}\"},\"query-input\":{\"@type\":\"PropertyValueSpecification\",\"valueRequired\":true,\"valueName\":\"search_term_string\"}}],\"inLanguage\":\"de\"},{\"@type\":\"Organization\",\"@id\":\"https:\/\/allaboutquarks.de\/#organization\",\"name\":\"QUARKS \u2013 Quantum Communication Networks\",\"alternateName\":\"QUARKS\",\"url\":\"https:\/\/allaboutquarks.de\/\",\"logo\":{\"@type\":\"ImageObject\",\"inLanguage\":\"de\",\"@id\":\"https:\/\/allaboutquarks.de\/#\/schema\/logo\/image\/\",\"url\":\"https:\/\/allaboutquarks.de\/wp-content\/uploads\/2025\/02\/20241218_QRK_Logo-Subline_wht-bkl_screen.png\",\"contentUrl\":\"https:\/\/allaboutquarks.de\/wp-content\/uploads\/2025\/02\/20241218_QRK_Logo-Subline_wht-bkl_screen.png\",\"width\":9540,\"height\":2973,\"caption\":\"QUARKS \u2013 Quantum Communication Networks\"},\"image\":{\"@id\":\"https:\/\/allaboutquarks.de\/#\/schema\/logo\/image\/\"},\"sameAs\":[\"https:\/\/x.com\/allaboutquarks\",\"https:\/\/www.linkedin.com\/company\/allaboutquarks\",\"https:\/\/www.instagram.com\/allaboutquarks\/\"]}]}<\/script>\n<!-- \/ Yoast SEO plugin. -->","yoast_head_json":{"title":"Imprint - QUARKS","robots":{"index":"index","follow":"follow","max-snippet":"max-snippet:-1","max-image-preview":"max-image-preview:large","max-video-preview":"max-video-preview:-1"},"canonical":"https:\/\/allaboutquarks.de\/de\/imprint\/","og_locale":"de_DE","og_type":"article","og_title":"Imprint - QUARKS","og_description":"Imprint \u00a0 It applies the Imprint of the TU Dresden with the following changes: Responsibilities If you have any questions regarding content, please contact: TU Dresden University of Technology Deutsche [&hellip;]","og_url":"https:\/\/allaboutquarks.de\/de\/imprint\/","og_site_name":"QUARKS","article_modified_time":"2025-06-25T13:59:02+00:00","twitter_card":"summary_large_image","twitter_site":"@allaboutquarks","twitter_misc":{"Gesch\u00e4tzte Lesezeit":"1\u00a0Minute"},"schema":{"@context":"https:\/\/schema.org","@graph":[{"@type":"WebPage","@id":"https:\/\/allaboutquarks.de\/imprint\/","url":"https:\/\/allaboutquarks.de\/imprint\/","name":"Imprint - QUARKS","isPartOf":{"@id":"https:\/\/allaboutquarks.de\/#website"},"datePublished":"2024-09-25T09:22:39+00:00","dateModified":"2025-06-25T13:59:02+00:00","breadcrumb":{"@id":"https:\/\/allaboutquarks.de\/imprint\/#breadcrumb"},"inLanguage":"de","potentialAction":[{"@type":"ReadAction","target":["https:\/\/allaboutquarks.de\/imprint\/"]}]},{"@type":"BreadcrumbList","@id":"https:\/\/allaboutquarks.de\/imprint\/#breadcrumb","itemListElement":[{"@type":"ListItem","position":1,"name":"Home","item":"https:\/\/allaboutquarks.de\/"},{"@type":"ListItem","position":2,"name":"Imprint"}]},{"@type":"WebSite","@id":"https:\/\/allaboutquarks.de\/#website","url":"https:\/\/allaboutquarks.de\/","name":"All about QUARKS","description":"QRK","publisher":{"@id":"https:\/\/allaboutquarks.de\/#organization"},"potentialAction":[{"@type":"SearchAction","target":{"@type":"EntryPoint","urlTemplate":"https:\/\/allaboutquarks.de\/?s={search_term_string}"},"query-input":{"@type":"PropertyValueSpecification","valueRequired":true,"valueName":"search_term_string"}}],"inLanguage":"de"},{"@type":"Organization","@id":"https:\/\/allaboutquarks.de\/#organization","name":"QUARKS \u2013 Quantum Communication Networks","alternateName":"QUARKS","url":"https:\/\/allaboutquarks.de\/","logo":{"@type":"ImageObject","inLanguage":"de","@id":"https:\/\/allaboutquarks.de\/#\/schema\/logo\/image\/","url":"https:\/\/allaboutquarks.de\/wp-content\/uploads\/2025\/02\/20241218_QRK_Logo-Subline_wht-bkl_screen.png","contentUrl":"https:\/\/allaboutquarks.de\/wp-content\/uploads\/2025\/02\/20241218_QRK_Logo-Subline_wht-bkl_screen.png","width":9540,"height":2973,"caption":"QUARKS \u2013 Quantum Communication Networks"},"image":{"@id":"https:\/\/allaboutquarks.de\/#\/schema\/logo\/image\/"},"sameAs":["https:\/\/x.com\/allaboutquarks","https:\/\/www.linkedin.com\/company\/allaboutquarks","https:\/\/www.instagram.com\/allaboutquarks\/"]}]}},"_links":{"self":[{"href":"https:\/\/allaboutquarks.de\/de\/wp-json\/wp\/v2\/pages\/3","targetHints":{"allow":["GET"]}}],"collection":[{"href":"https:\/\/allaboutquarks.de\/de\/wp-json\/wp\/v2\/pages"}],"about":[{"href":"https:\/\/allaboutquarks.de\/de\/wp-json\/wp\/v2\/types\/page"}],"author":[{"embeddable":true,"href":"https:\/\/allaboutquarks.de\/de\/wp-json\/wp\/v2\/users\/1"}],"replies":[{"embeddable":true,"href":"https:\/\/allaboutquarks.de\/de\/wp-json\/wp\/v2\/comments?post=3"}],"version-history":[{"count":0,"href":"https:\/\/allaboutquarks.de\/de\/wp-json\/wp\/v2\/pages\/3\/revisions"}],"wp:attachment":[{"href":"https:\/\/allaboutquarks.de\/de\/wp-json\/wp\/v2\/media?parent=3"}],"curies":[{"name":"wp","href":"https:\/\/api.w.org\/{rel}","templated":true}]}}