{"id":396,"date":"2024-10-17T15:12:52","date_gmt":"2024-10-17T15:12:52","guid":{"rendered":"https:\/\/allaboutquarks.de\/?page_id=396"},"modified":"2025-06-25T13:57:25","modified_gmt":"2025-06-25T13:57:25","slug":"accessibility-statement","status":"publish","type":"page","link":"https:\/\/allaboutquarks.de\/de\/accessibility-statement\/","title":{"rendered":"Erkl\u00e4rung zur Barrierefreiheit"},"content":{"rendered":"<div data-elementor-type=\"wp-page\" data-elementor-id=\"396\" class=\"elementor elementor-396\" data-elementor-post-type=\"page\">\n\t\t\t\t<div class=\"elementor-element elementor-element-17edca6e e-flex e-con-boxed e-con e-parent\" data-id=\"17edca6e\" data-element_type=\"container\" data-e-type=\"container\">\n\t\t\t\t\t<div class=\"e-con-inner\">\n\t\t\t\t<div class=\"elementor-element elementor-element-1d074069 elementor-widget elementor-widget-text-editor\" data-id=\"1d074069\" data-element_type=\"widget\" data-e-type=\"widget\" data-widget_type=\"text-editor.default\">\n\t\t\t\t<div class=\"elementor-widget-container\">\n\t\t\t\t\t\t\t\t\t\n<h2 class=\"wp-block-heading\">Erkl\u00e4rung zur Barrierefreiheit<\/h2>\n\n<p>Diese Erkl\u00e4rung zur Zug\u00e4nglichkeit gilt f\u00fcr https:\/\/allaboutquarks.de. Diese Website wird betrieben von<\/p>\n\n<p>Dresden University of Technology<br \/>Deutsche Telekom Professur f\u00fcr Kommunikationsnetze<br \/>Prof. Dr.-Ing. Dr. h.c. H. P. Frank Fitzek<br \/>01062 Dresden<\/p>\n\n<h3 class=\"wp-block-heading\">Stand der Erf\u00fcllung<\/h3>\n\n<p class=\"translation-block\">F\u00fcr allaboutquarks.de wurde noch keine BITV-Pr\u00fcfung durchgef\u00fchrt. Diese ist in Form einer Selbstevaluierung am 16.12.2024 geplant.<\/p>\n\n<h3 class=\"wp-block-heading\">Feedback und Kontaktinformationen<\/h3>\n\n<p>Sollten Sie M\u00e4ngel bei der barrierefreien Gestaltung feststellen, wenden Sie sich bitte an Angela M\u00fcller, angela.mueller1@tu-dresden.de, +49 351 463-31567.<\/p>\n\n<h3 class=\"wp-block-heading\">Verfahren zur Durchsetzung<\/h3>\n\n<p class=\"translation-block\">Sollten wir Ihre R\u00fcckmeldung aus Ihrer Sicht nicht zufriedenstellend bearbeiten, k\u00f6nnen Sie sich an die S\u00e4chsische Vollstreckungsstelle wenden:<\/p>\n\n<p>B\u00fcro des Beauftragten der S\u00e4chsischen Staatsregierung f\u00fcr die Belange von Menschen mit Behinderungen<br \/>Albertstra\u00dfe 10, 01097 Dresden<\/p>\n\n<p>Postanschrift: Archivstra\u00dfe 1, 01097 Dresden<br \/>Email: <a href=\"mailto:info.behindertenbeauftragter@sk.sachsen.de\"><u>info.behindertenbeauftragter@sk.sachsen.de<\/u><\/a><br \/>Telefon: +49 351 564-12161<br \/>Fax: +49 351 564-12169<br \/>Webseite: <a href=\"https:\/\/www.inklusion.sachsen.de\"><u>https:\/\/www.inklusion.sachsen.de<\/u><\/a><\/p>\n\n<p>\u00a0<\/p>\n\n<p>\u00a0<\/p>\n\t\t\t\t\t\t\t\t<\/div>\n\t\t\t\t<\/div>\n\t\t\t\t\t<\/div>\n\t\t\t\t<\/div>\n\t\t\t\t<\/div>","protected":false},"excerpt":{"rendered":"<p>Accessibility Statement This accessibility statement applies to https:\/\/allaboutquarks.de. This website is run by Technische Universit\u00e4t DresdenDeutsche Telekom Chair of Communication NetworksProf. Dr.-Ing. Dr. h.c. H. P. Frank Fitzek01062 Dresden Compliance [&hellip;]<\/p>\n","protected":false},"author":2,"featured_media":0,"parent":0,"menu_order":0,"comment_status":"closed","ping_status":"closed","template":"","meta":{"inline_featured_image":false,"footnotes":""},"class_list":["post-396","page","type-page","status-publish","hentry"],"yoast_head":"<!-- This site is optimized with the Yoast SEO plugin v27.2 - https:\/\/yoast.com\/product\/yoast-seo-wordpress\/ -->\n<title>Accessibility Statement - QUARKS<\/title>\n<meta name=\"robots\" content=\"index, follow, max-snippet:-1, max-image-preview:large, max-video-preview:-1\" \/>\n<link rel=\"canonical\" href=\"https:\/\/allaboutquarks.de\/de\/accessibility-statement\/\" \/>\n<meta property=\"og:locale\" content=\"de_DE\" \/>\n<meta property=\"og:type\" content=\"article\" \/>\n<meta property=\"og:title\" content=\"Accessibility Statement - QUARKS\" \/>\n<meta property=\"og:description\" content=\"Accessibility Statement This accessibility statement applies to https:\/\/allaboutquarks.de. This website is run by Technische Universit\u00e4t DresdenDeutsche Telekom Chair of Communication NetworksProf. Dr.-Ing. Dr. h.c. H. P. Frank Fitzek01062 Dresden Compliance [&hellip;]\" \/>\n<meta property=\"og:url\" content=\"https:\/\/allaboutquarks.de\/de\/accessibility-statement\/\" \/>\n<meta property=\"og:site_name\" content=\"QUARKS\" \/>\n<meta property=\"article:modified_time\" content=\"2025-06-25T13:57:25+00:00\" \/>\n<meta name=\"twitter:card\" content=\"summary_large_image\" \/>\n<meta name=\"twitter:site\" content=\"@allaboutquarks\" \/>\n<meta name=\"twitter:label1\" content=\"Gesch\u00e4tzte Lesezeit\" \/>\n\t<meta name=\"twitter:data1\" content=\"1\u00a0Minute\" \/>\n<script type=\"application\/ld+json\" class=\"yoast-schema-graph\">{\"@context\":\"https:\/\/schema.org\",\"@graph\":[{\"@type\":\"WebPage\",\"@id\":\"https:\/\/allaboutquarks.de\/accessibility-statement\/\",\"url\":\"https:\/\/allaboutquarks.de\/accessibility-statement\/\",\"name\":\"Accessibility Statement - QUARKS\",\"isPartOf\":{\"@id\":\"https:\/\/allaboutquarks.de\/#website\"},\"datePublished\":\"2024-10-17T15:12:52+00:00\",\"dateModified\":\"2025-06-25T13:57:25+00:00\",\"breadcrumb\":{\"@id\":\"https:\/\/allaboutquarks.de\/accessibility-statement\/#breadcrumb\"},\"inLanguage\":\"de\",\"potentialAction\":[{\"@type\":\"ReadAction\",\"target\":[\"https:\/\/allaboutquarks.de\/accessibility-statement\/\"]}]},{\"@type\":\"BreadcrumbList\",\"@id\":\"https:\/\/allaboutquarks.de\/accessibility-statement\/#breadcrumb\",\"itemListElement\":[{\"@type\":\"ListItem\",\"position\":1,\"name\":\"Home\",\"item\":\"https:\/\/allaboutquarks.de\/\"},{\"@type\":\"ListItem\",\"position\":2,\"name\":\"Accessibility Statement\"}]},{\"@type\":\"WebSite\",\"@id\":\"https:\/\/allaboutquarks.de\/#website\",\"url\":\"https:\/\/allaboutquarks.de\/\",\"name\":\"All about QUARKS\",\"description\":\"QRK\",\"publisher\":{\"@id\":\"https:\/\/allaboutquarks.de\/#organization\"},\"potentialAction\":[{\"@type\":\"SearchAction\",\"target\":{\"@type\":\"EntryPoint\",\"urlTemplate\":\"https:\/\/allaboutquarks.de\/?s={search_term_string}\"},\"query-input\":{\"@type\":\"PropertyValueSpecification\",\"valueRequired\":true,\"valueName\":\"search_term_string\"}}],\"inLanguage\":\"de\"},{\"@type\":\"Organization\",\"@id\":\"https:\/\/allaboutquarks.de\/#organization\",\"name\":\"QUARKS \u2013 Quantum Communication Networks\",\"alternateName\":\"QUARKS\",\"url\":\"https:\/\/allaboutquarks.de\/\",\"logo\":{\"@type\":\"ImageObject\",\"inLanguage\":\"de\",\"@id\":\"https:\/\/allaboutquarks.de\/#\/schema\/logo\/image\/\",\"url\":\"https:\/\/allaboutquarks.de\/wp-content\/uploads\/2025\/02\/20241218_QRK_Logo-Subline_wht-bkl_screen.png\",\"contentUrl\":\"https:\/\/allaboutquarks.de\/wp-content\/uploads\/2025\/02\/20241218_QRK_Logo-Subline_wht-bkl_screen.png\",\"width\":9540,\"height\":2973,\"caption\":\"QUARKS \u2013 Quantum Communication Networks\"},\"image\":{\"@id\":\"https:\/\/allaboutquarks.de\/#\/schema\/logo\/image\/\"},\"sameAs\":[\"https:\/\/x.com\/allaboutquarks\",\"https:\/\/www.linkedin.com\/company\/allaboutquarks\",\"https:\/\/www.instagram.com\/allaboutquarks\/\"]}]}<\/script>\n<!-- \/ Yoast SEO plugin. -->","yoast_head_json":{"title":"Accessibility Statement - QUARKS","robots":{"index":"index","follow":"follow","max-snippet":"max-snippet:-1","max-image-preview":"max-image-preview:large","max-video-preview":"max-video-preview:-1"},"canonical":"https:\/\/allaboutquarks.de\/de\/accessibility-statement\/","og_locale":"de_DE","og_type":"article","og_title":"Accessibility Statement - QUARKS","og_description":"Accessibility Statement This accessibility statement applies to https:\/\/allaboutquarks.de. This website is run by Technische Universit\u00e4t DresdenDeutsche Telekom Chair of Communication NetworksProf. Dr.-Ing. Dr. h.c. H. P. Frank Fitzek01062 Dresden Compliance [&hellip;]","og_url":"https:\/\/allaboutquarks.de\/de\/accessibility-statement\/","og_site_name":"QUARKS","article_modified_time":"2025-06-25T13:57:25+00:00","twitter_card":"summary_large_image","twitter_site":"@allaboutquarks","twitter_misc":{"Gesch\u00e4tzte Lesezeit":"1\u00a0Minute"},"schema":{"@context":"https:\/\/schema.org","@graph":[{"@type":"WebPage","@id":"https:\/\/allaboutquarks.de\/accessibility-statement\/","url":"https:\/\/allaboutquarks.de\/accessibility-statement\/","name":"Accessibility Statement - QUARKS","isPartOf":{"@id":"https:\/\/allaboutquarks.de\/#website"},"datePublished":"2024-10-17T15:12:52+00:00","dateModified":"2025-06-25T13:57:25+00:00","breadcrumb":{"@id":"https:\/\/allaboutquarks.de\/accessibility-statement\/#breadcrumb"},"inLanguage":"de","potentialAction":[{"@type":"ReadAction","target":["https:\/\/allaboutquarks.de\/accessibility-statement\/"]}]},{"@type":"BreadcrumbList","@id":"https:\/\/allaboutquarks.de\/accessibility-statement\/#breadcrumb","itemListElement":[{"@type":"ListItem","position":1,"name":"Home","item":"https:\/\/allaboutquarks.de\/"},{"@type":"ListItem","position":2,"name":"Accessibility Statement"}]},{"@type":"WebSite","@id":"https:\/\/allaboutquarks.de\/#website","url":"https:\/\/allaboutquarks.de\/","name":"All about QUARKS","description":"QRK","publisher":{"@id":"https:\/\/allaboutquarks.de\/#organization"},"potentialAction":[{"@type":"SearchAction","target":{"@type":"EntryPoint","urlTemplate":"https:\/\/allaboutquarks.de\/?s={search_term_string}"},"query-input":{"@type":"PropertyValueSpecification","valueRequired":true,"valueName":"search_term_string"}}],"inLanguage":"de"},{"@type":"Organization","@id":"https:\/\/allaboutquarks.de\/#organization","name":"QUARKS \u2013 Quantum Communication Networks","alternateName":"QUARKS","url":"https:\/\/allaboutquarks.de\/","logo":{"@type":"ImageObject","inLanguage":"de","@id":"https:\/\/allaboutquarks.de\/#\/schema\/logo\/image\/","url":"https:\/\/allaboutquarks.de\/wp-content\/uploads\/2025\/02\/20241218_QRK_Logo-Subline_wht-bkl_screen.png","contentUrl":"https:\/\/allaboutquarks.de\/wp-content\/uploads\/2025\/02\/20241218_QRK_Logo-Subline_wht-bkl_screen.png","width":9540,"height":2973,"caption":"QUARKS \u2013 Quantum Communication Networks"},"image":{"@id":"https:\/\/allaboutquarks.de\/#\/schema\/logo\/image\/"},"sameAs":["https:\/\/x.com\/allaboutquarks","https:\/\/www.linkedin.com\/company\/allaboutquarks","https:\/\/www.instagram.com\/allaboutquarks\/"]}]}},"_links":{"self":[{"href":"https:\/\/allaboutquarks.de\/de\/wp-json\/wp\/v2\/pages\/396","targetHints":{"allow":["GET"]}}],"collection":[{"href":"https:\/\/allaboutquarks.de\/de\/wp-json\/wp\/v2\/pages"}],"about":[{"href":"https:\/\/allaboutquarks.de\/de\/wp-json\/wp\/v2\/types\/page"}],"author":[{"embeddable":true,"href":"https:\/\/allaboutquarks.de\/de\/wp-json\/wp\/v2\/users\/2"}],"replies":[{"embeddable":true,"href":"https:\/\/allaboutquarks.de\/de\/wp-json\/wp\/v2\/comments?post=396"}],"version-history":[{"count":0,"href":"https:\/\/allaboutquarks.de\/de\/wp-json\/wp\/v2\/pages\/396\/revisions"}],"wp:attachment":[{"href":"https:\/\/allaboutquarks.de\/de\/wp-json\/wp\/v2\/media?parent=396"}],"curies":[{"name":"wp","href":"https:\/\/api.w.org\/{rel}","templated":true}]}}