{"id":4990,"date":"2025-08-05T11:43:49","date_gmt":"2025-08-05T11:43:49","guid":{"rendered":"https:\/\/allaboutquarks.de\/?page_id=4990"},"modified":"2025-08-13T11:24:48","modified_gmt":"2025-08-13T11:24:48","slug":"randomnessgame","status":"publish","type":"page","link":"https:\/\/allaboutquarks.de\/de\/randomnessgame\/","title":{"rendered":"Randomness Game"},"content":{"rendered":"<div data-elementor-type=\"wp-page\" data-elementor-id=\"4990\" class=\"elementor elementor-4990\" data-elementor-post-type=\"page\">\n\t\t\t\t<div class=\"elementor-element elementor-element-400c477 e-flex e-con-boxed e-con e-parent\" data-id=\"400c477\" data-element_type=\"container\" data-e-type=\"container\" data-settings=\"{&quot;background_background&quot;:&quot;classic&quot;}\">\n\t\t\t\t\t<div class=\"e-con-inner\">\n\t\t<div class=\"elementor-element elementor-element-1a7d583 e-con-full e-flex e-con e-child\" data-id=\"1a7d583\" data-element_type=\"container\" data-e-type=\"container\">\n\t\t\t\t<div class=\"elementor-element elementor-element-9e39a51 elementor-widget elementor-widget-heading\" data-id=\"9e39a51\" data-element_type=\"widget\" data-e-type=\"widget\" data-widget_type=\"heading.default\">\n\t\t\t\t<div class=\"elementor-widget-container\">\n\t\t\t\t\t<h2 class=\"elementor-heading-title elementor-size-default\">Randomness Game<\/h2>\t\t\t\t<\/div>\n\t\t\t\t<\/div>\n\t\t\t\t<div class=\"elementor-element elementor-element-a7942fa elementor-widget elementor-widget-text-editor\" data-id=\"a7942fa\" data-element_type=\"widget\" data-e-type=\"widget\" data-widget_type=\"text-editor.default\">\n\t\t\t\t<div class=\"elementor-widget-container\">\n\t\t\t\t\t\t\t\t\t<p>Mensch gegen Quantencomputer<\/p>\t\t\t\t\t\t\t\t<\/div>\n\t\t\t\t<\/div>\n\t\t\t\t<div class=\"elementor-element elementor-element-8cf3a85 elementor-widget elementor-widget-text-editor\" data-id=\"8cf3a85\" data-element_type=\"widget\" data-e-type=\"widget\" data-widget_type=\"text-editor.default\">\n\t\t\t\t<div class=\"elementor-widget-container\">\n\t\t\t\t\t\t\t\t\t<p>Wie zuf\u00e4llig kannst du eine Reihe von f\u00fcnfzig 0 und 1 eingeben? Ist deine Eingabe zuf\u00e4lliger als die Ausgabe eines Quantencomputers? Probieren Sie es aus und erfahren Sie mehr dar\u00fcber, wie ein Quantencomputer funktioniert!<\/p>\t\t\t\t\t\t\t\t<\/div>\n\t\t\t\t<\/div>\n\t\t\t\t<\/div>\n\t\t\t\t\t<\/div>\n\t\t\t\t<\/div>\n\t\t<div class=\"elementor-element elementor-element-72d45e6 e-con-full e-flex e-con e-parent\" data-id=\"72d45e6\" data-element_type=\"container\" data-e-type=\"container\">\n\t\t\t\t<div class=\"elementor-element elementor-element-af4c928 elementor-widget elementor-widget-html\" data-id=\"af4c928\" data-element_type=\"widget\" data-e-type=\"widget\" data-widget_type=\"html.default\">\n\t\t\t\t<div class=\"elementor-widget-container\">\n\t\t\t\t\t<!-- Human vs Quantum Randomness -->\r\n<div style=\"width:100%;margin:0;\">\r\n  <iframe\r\n    src=\"https:\/\/hub-disrupt.onrender.com\"    style=\"width:100%;min-height:120vh;border:none;overflow:hidden;\"\r\n    allowfullscreen\r\n loading=\"lazy\"\r\n    referrerpolicy=\"no-referrer\"\r\n  ><\/iframe>\r\n<\/div>\t\t\t\t<\/div>\n\t\t\t\t<\/div>\n\t\t\t\t<\/div>\n\t\t\t\t<\/div>","protected":false},"excerpt":{"rendered":"<p>Randomness Game Human vs. Quantum computer How random can you type a row of fifty 0 and 1? Is your input more random than the output of a quantum computer? [&hellip;]<\/p>\n","protected":false},"author":2,"featured_media":0,"parent":0,"menu_order":0,"comment_status":"closed","ping_status":"closed","template":"elementor_header_footer","meta":{"inline_featured_image":false,"footnotes":""},"class_list":["post-4990","page","type-page","status-publish","hentry"],"yoast_head":"<!-- This site is optimized with the Yoast SEO plugin v27.2 - https:\/\/yoast.com\/product\/yoast-seo-wordpress\/ -->\n<title>Randomness Game - QUARKS<\/title>\n<meta name=\"robots\" content=\"index, follow, max-snippet:-1, max-image-preview:large, max-video-preview:-1\" \/>\n<link rel=\"canonical\" href=\"https:\/\/allaboutquarks.de\/de\/randomnessgame\/\" \/>\n<meta property=\"og:locale\" content=\"de_DE\" \/>\n<meta property=\"og:type\" content=\"article\" \/>\n<meta property=\"og:title\" content=\"Randomness Game - QUARKS\" \/>\n<meta property=\"og:description\" content=\"Randomness Game Human vs. Quantum computer How random can you type a row of fifty 0 and 1? Is your input more random than the output of a quantum computer? [&hellip;]\" \/>\n<meta property=\"og:url\" content=\"https:\/\/allaboutquarks.de\/de\/randomnessgame\/\" \/>\n<meta property=\"og:site_name\" content=\"QUARKS\" \/>\n<meta property=\"article:modified_time\" content=\"2025-08-13T11:24:48+00:00\" \/>\n<meta name=\"twitter:card\" content=\"summary_large_image\" \/>\n<meta name=\"twitter:site\" content=\"@allaboutquarks\" \/>\n<meta name=\"twitter:label1\" content=\"Gesch\u00e4tzte Lesezeit\" \/>\n\t<meta name=\"twitter:data1\" content=\"1\u00a0Minute\" \/>\n<script type=\"application\/ld+json\" class=\"yoast-schema-graph\">{\"@context\":\"https:\/\/schema.org\",\"@graph\":[{\"@type\":\"WebPage\",\"@id\":\"https:\/\/allaboutquarks.de\/randomnessgame\/\",\"url\":\"https:\/\/allaboutquarks.de\/randomnessgame\/\",\"name\":\"Randomness Game - QUARKS\",\"isPartOf\":{\"@id\":\"https:\/\/allaboutquarks.de\/#website\"},\"datePublished\":\"2025-08-05T11:43:49+00:00\",\"dateModified\":\"2025-08-13T11:24:48+00:00\",\"breadcrumb\":{\"@id\":\"https:\/\/allaboutquarks.de\/randomnessgame\/#breadcrumb\"},\"inLanguage\":\"de\",\"potentialAction\":[{\"@type\":\"ReadAction\",\"target\":[\"https:\/\/allaboutquarks.de\/randomnessgame\/\"]}]},{\"@type\":\"BreadcrumbList\",\"@id\":\"https:\/\/allaboutquarks.de\/randomnessgame\/#breadcrumb\",\"itemListElement\":[{\"@type\":\"ListItem\",\"position\":1,\"name\":\"Home\",\"item\":\"https:\/\/allaboutquarks.de\/\"},{\"@type\":\"ListItem\",\"position\":2,\"name\":\"Randomness Game\"}]},{\"@type\":\"WebSite\",\"@id\":\"https:\/\/allaboutquarks.de\/#website\",\"url\":\"https:\/\/allaboutquarks.de\/\",\"name\":\"All about QUARKS\",\"description\":\"QRK\",\"publisher\":{\"@id\":\"https:\/\/allaboutquarks.de\/#organization\"},\"potentialAction\":[{\"@type\":\"SearchAction\",\"target\":{\"@type\":\"EntryPoint\",\"urlTemplate\":\"https:\/\/allaboutquarks.de\/?s={search_term_string}\"},\"query-input\":{\"@type\":\"PropertyValueSpecification\",\"valueRequired\":true,\"valueName\":\"search_term_string\"}}],\"inLanguage\":\"de\"},{\"@type\":\"Organization\",\"@id\":\"https:\/\/allaboutquarks.de\/#organization\",\"name\":\"QUARKS \u2013 Quantum Communication Networks\",\"alternateName\":\"QUARKS\",\"url\":\"https:\/\/allaboutquarks.de\/\",\"logo\":{\"@type\":\"ImageObject\",\"inLanguage\":\"de\",\"@id\":\"https:\/\/allaboutquarks.de\/#\/schema\/logo\/image\/\",\"url\":\"https:\/\/allaboutquarks.de\/wp-content\/uploads\/2025\/02\/20241218_QRK_Logo-Subline_wht-bkl_screen.png\",\"contentUrl\":\"https:\/\/allaboutquarks.de\/wp-content\/uploads\/2025\/02\/20241218_QRK_Logo-Subline_wht-bkl_screen.png\",\"width\":9540,\"height\":2973,\"caption\":\"QUARKS \u2013 Quantum Communication Networks\"},\"image\":{\"@id\":\"https:\/\/allaboutquarks.de\/#\/schema\/logo\/image\/\"},\"sameAs\":[\"https:\/\/x.com\/allaboutquarks\",\"https:\/\/www.linkedin.com\/company\/allaboutquarks\",\"https:\/\/www.instagram.com\/allaboutquarks\/\"]}]}<\/script>\n<!-- \/ Yoast SEO plugin. -->","yoast_head_json":{"title":"Randomness Game - QUARKS","robots":{"index":"index","follow":"follow","max-snippet":"max-snippet:-1","max-image-preview":"max-image-preview:large","max-video-preview":"max-video-preview:-1"},"canonical":"https:\/\/allaboutquarks.de\/de\/randomnessgame\/","og_locale":"de_DE","og_type":"article","og_title":"Randomness Game - QUARKS","og_description":"Randomness Game Human vs. Quantum computer How random can you type a row of fifty 0 and 1? Is your input more random than the output of a quantum computer? [&hellip;]","og_url":"https:\/\/allaboutquarks.de\/de\/randomnessgame\/","og_site_name":"QUARKS","article_modified_time":"2025-08-13T11:24:48+00:00","twitter_card":"summary_large_image","twitter_site":"@allaboutquarks","twitter_misc":{"Gesch\u00e4tzte Lesezeit":"1\u00a0Minute"},"schema":{"@context":"https:\/\/schema.org","@graph":[{"@type":"WebPage","@id":"https:\/\/allaboutquarks.de\/randomnessgame\/","url":"https:\/\/allaboutquarks.de\/randomnessgame\/","name":"Randomness Game - QUARKS","isPartOf":{"@id":"https:\/\/allaboutquarks.de\/#website"},"datePublished":"2025-08-05T11:43:49+00:00","dateModified":"2025-08-13T11:24:48+00:00","breadcrumb":{"@id":"https:\/\/allaboutquarks.de\/randomnessgame\/#breadcrumb"},"inLanguage":"de","potentialAction":[{"@type":"ReadAction","target":["https:\/\/allaboutquarks.de\/randomnessgame\/"]}]},{"@type":"BreadcrumbList","@id":"https:\/\/allaboutquarks.de\/randomnessgame\/#breadcrumb","itemListElement":[{"@type":"ListItem","position":1,"name":"Home","item":"https:\/\/allaboutquarks.de\/"},{"@type":"ListItem","position":2,"name":"Randomness Game"}]},{"@type":"WebSite","@id":"https:\/\/allaboutquarks.de\/#website","url":"https:\/\/allaboutquarks.de\/","name":"All about QUARKS","description":"QRK","publisher":{"@id":"https:\/\/allaboutquarks.de\/#organization"},"potentialAction":[{"@type":"SearchAction","target":{"@type":"EntryPoint","urlTemplate":"https:\/\/allaboutquarks.de\/?s={search_term_string}"},"query-input":{"@type":"PropertyValueSpecification","valueRequired":true,"valueName":"search_term_string"}}],"inLanguage":"de"},{"@type":"Organization","@id":"https:\/\/allaboutquarks.de\/#organization","name":"QUARKS \u2013 Quantum Communication Networks","alternateName":"QUARKS","url":"https:\/\/allaboutquarks.de\/","logo":{"@type":"ImageObject","inLanguage":"de","@id":"https:\/\/allaboutquarks.de\/#\/schema\/logo\/image\/","url":"https:\/\/allaboutquarks.de\/wp-content\/uploads\/2025\/02\/20241218_QRK_Logo-Subline_wht-bkl_screen.png","contentUrl":"https:\/\/allaboutquarks.de\/wp-content\/uploads\/2025\/02\/20241218_QRK_Logo-Subline_wht-bkl_screen.png","width":9540,"height":2973,"caption":"QUARKS \u2013 Quantum Communication Networks"},"image":{"@id":"https:\/\/allaboutquarks.de\/#\/schema\/logo\/image\/"},"sameAs":["https:\/\/x.com\/allaboutquarks","https:\/\/www.linkedin.com\/company\/allaboutquarks","https:\/\/www.instagram.com\/allaboutquarks\/"]}]}},"_links":{"self":[{"href":"https:\/\/allaboutquarks.de\/de\/wp-json\/wp\/v2\/pages\/4990","targetHints":{"allow":["GET"]}}],"collection":[{"href":"https:\/\/allaboutquarks.de\/de\/wp-json\/wp\/v2\/pages"}],"about":[{"href":"https:\/\/allaboutquarks.de\/de\/wp-json\/wp\/v2\/types\/page"}],"author":[{"embeddable":true,"href":"https:\/\/allaboutquarks.de\/de\/wp-json\/wp\/v2\/users\/2"}],"replies":[{"embeddable":true,"href":"https:\/\/allaboutquarks.de\/de\/wp-json\/wp\/v2\/comments?post=4990"}],"version-history":[{"count":0,"href":"https:\/\/allaboutquarks.de\/de\/wp-json\/wp\/v2\/pages\/4990\/revisions"}],"wp:attachment":[{"href":"https:\/\/allaboutquarks.de\/de\/wp-json\/wp\/v2\/media?parent=4990"}],"curies":[{"name":"wp","href":"https:\/\/api.w.org\/{rel}","templated":true}]}}